{"id":6965,"date":"2025-03-05T08:52:40","date_gmt":"2025-03-05T08:52:40","guid":{"rendered":"https:\/\/alejandraglez.com\/?page_id=6965"},"modified":"2025-05-26T14:57:33","modified_gmt":"2025-05-26T14:57:33","slug":"bio-2","status":"publish","type":"page","link":"https:\/\/alejandraglez.com\/es\/bio-2\/","title":{"rendered":"BIOGRAFIA"},"content":{"rendered":"<div data-elementor-type=\"wp-page\" data-elementor-id=\"6965\" class=\"elementor elementor-6965\" data-elementor-post-type=\"page\">\n\t\t\t\t<div class=\"elementor-element elementor-element-6e0c503 e-flex e-con-boxed e-con e-parent\" data-id=\"6e0c503\" data-element_type=\"container\" data-e-type=\"container\" data-settings=\"{&quot;background_background&quot;:&quot;classic&quot;}\">\n\t\t\t\t\t<div class=\"e-con-inner\">\n\t\t\t\t<div class=\"elementor-element elementor-element-0eac3ce elementor-widget elementor-widget-image\" data-id=\"0eac3ce\" data-element_type=\"widget\" data-e-type=\"widget\" data-widget_type=\"image.default\">\n\t\t\t\t<div class=\"elementor-widget-container\">\n\t\t\t\t\t\t\t\t\t\t\t\t\t\t\t<img fetchpriority=\"high\" decoding=\"async\" width=\"1918\" height=\"1365\" src=\"https:\/\/alejandraglez.com\/wp-content\/uploads\/2025\/04\/Ale-7-e1743594739144.jpg\" class=\"attachment-full size-full wp-image-8461\" alt=\"\" srcset=\"https:\/\/alejandraglez.com\/wp-content\/uploads\/2025\/04\/Ale-7-e1743594739144.jpg 1918w, https:\/\/alejandraglez.com\/wp-content\/uploads\/2025\/04\/Ale-7-e1743594739144-300x214.jpg 300w, https:\/\/alejandraglez.com\/wp-content\/uploads\/2025\/04\/Ale-7-e1743594739144-1024x729.jpg 1024w, https:\/\/alejandraglez.com\/wp-content\/uploads\/2025\/04\/Ale-7-e1743594739144-768x547.jpg 768w, https:\/\/alejandraglez.com\/wp-content\/uploads\/2025\/04\/Ale-7-e1743594739144-1536x1093.jpg 1536w\" sizes=\"(max-width: 1918px) 100vw, 1918px\" \/>\t\t\t\t\t\t\t\t\t\t\t\t\t\t\t<\/div>\n\t\t\t\t<\/div>\n\t\t\t\t\t<\/div>\n\t\t\t\t<\/div>\n\t\t<div class=\"elementor-element elementor-element-f8b563e e-con-full e-flex e-con e-parent\" data-id=\"f8b563e\" data-element_type=\"container\" data-e-type=\"container\">\n\t\t\t\t<div class=\"elementor-element elementor-element-594c0bf elementor-widget elementor-widget-text-editor\" data-id=\"594c0bf\" data-element_type=\"widget\" data-e-type=\"widget\" data-widget_type=\"text-editor.default\">\n\t\t\t\t<div class=\"elementor-widget-container\">\n\t\t\t\t\t\t\t\t\t<p>Alejandra Glez (La Habana, 1996) crea desde la corriente, desde el vaiv\u00e9n del agua que la\nnombra y la atraviesa. Su obra, tan l\u00edquida como su esencia, fluye entre la fotograf\u00eda, la\ninstalaci\u00f3n, el videoarte y la performance, abrazando cada medio como un cauce nuevo para\ndecir lo indecible. El mar, omnipresente, no es solo escenario, sino un cuerpo vivo, un\ntestigo, un refugio. En \u00e9l se sumerge buscando respuestas, en \u00e9l se diluyen las heridas y se\nabren los caminos.\nNacida en una isla y forjada en la espiritualidad afrocubana, Alejandra es hija de Yemay\u00e1,\nmadre de los oc\u00e9anos, orisha que gesta y arrulla. Su pr\u00e1ctica art\u00edstica es un ritual de\nreconocimiento y sanaci\u00f3n, un di\u00e1logo entre lo ancestral y lo contempor\u00e1neo, donde la\nmemoria del agua se une a la de los cuerpos. La maternidad, el linaje y la protecci\u00f3n\nemergen como s\u00edmbolos recurrentes en su obra, cargada de una reverencia profunda por la\nhistoria y la herencia cultural de su pa\u00eds.\nDesde su cuerpo como territorio, explora la feminidad en todas sus formas. Sus primeras\ncreaciones fueron un grito cat\u00e1rtico, un conjuro para exorcizar traumas. Hoy, su trabajo\ntransita desde una madurez serena y conceptual, sin perder la fuerza ni la urgencia. Cada\nimagen es un eco de resistencia, un gesto que desaf\u00eda las narrativas impuestas. La\nsororidad, la identidad y la emancipaci\u00f3n atraviesan su discurso, convirti\u00e9ndolo en una\ncorriente que no se detiene.\nComo el agua, Alejandra entiende su ser en constante v\u00ednculo con los mares y los r\u00edos, con\naquello que fluye y se transforma. En su arte resuena una llamada a la conciencia ecol\u00f3gica,\na la protecci\u00f3n de aquello que nos sostiene. Sus piezas son encuentros con lo sagrado y lo\ntangible, con lo propio y lo universal.<\/p><p><strong>Premios:<\/strong><\/p><ul><li>2024, Premio de Adquisici\u00f3n de la Colecci\u00f3n Kells, Feria de arte Santander.<\/li><li>Finalista de la XII Bienal Internacional de Fotograf\u00eda Contempor\u00e1nea Premio Pilar Citoler, Universidad de C\u00f3rdoba<\/li><li>2021, Ganadora del IV Premio Fundaci\u00f3n ENAIRE de Fotograf\u00eda Joven.<\/li><li>2020, Participci\u00f3n Especial en La Bienal de Mujeres con la obra \u00bfSer mujer es un delito?, Galer\u00eda Aurora Vigil-Escalera, Gij\u00f3n.<\/li><li>2020, Finalista del XVI Premio Arte Laguna, Categor\u00eda Videoarte, con la obra Lughter and Crying, Giardini Arsenale, Venecia.<\/li><\/ul><p>\u00a0<\/p><p><strong>Educaci\u00f3n:<\/strong><\/p><ul><li>2023, Taller Cleaning the House, Instituto Marina Abramovi\u0107, Grecia<\/li><li>2021, M\u00e1ster en Fotograf\u00eda, Teor\u00eda y Proyectos Art\u00edsticos PHoto Espa\u00f1a, Madrid<\/li><\/ul><p>\u00a0<\/p><p><b>Conferencias:<\/b><\/p><ul><li>\u201cTransgrediendo Venus\u201d, Museo Dal\u00ed, Madrid, Espa\u00f1a<\/li><\/ul><p>\u00a0<\/p><p><strong>Exposiciones Individuales:<\/strong>\u00a0<\/p><ul><li>2025, Ofrendas a los cuerpos acuosos, Solo Contemporary X Castanedo, Cantabria, Espa\u00f1a.<\/li><li>2024, Filha do Mar, Galer\u00eda Belard, Lisboa, Portugal. Filha do Mar, Performance en Madeira, Portugal.<\/li><li>2023, Daughter, Tel Aviv, Israel. Rezos, Rituales y Altares, Performance en el Museo de Historia y Cultura Afrobrasile\u00f1a, R\u00edo de Janeiro, Brasil. Performance en el Museo Nacional Thyssen-Bornemisza, Madrid, Espa\u00f1a.<\/li><\/ul><p>\u00a0<\/p>\t\t\t\t\t\t\t\t<\/div>\n\t\t\t\t<\/div>\n\t\t\t\t<div class=\"elementor-element elementor-element-6f32ba6 elementor-align-center elementor-widget elementor-widget-button\" data-id=\"6f32ba6\" data-element_type=\"widget\" data-e-type=\"widget\" data-widget_type=\"button.default\">\n\t\t\t\t<div class=\"elementor-widget-container\">\n\t\t\t\t\t\t\t\t\t<div class=\"elementor-button-wrapper\">\n\t\t\t\t\t<a class=\"elementor-button elementor-button-link elementor-size-sm\" href=\"https:\/\/alejandraglez.com\/wp-content\/uploads\/2025\/05\/CV-.pdf.pdf\">\n\t\t\t\t\t\t<span class=\"elementor-button-content-wrapper\">\n\t\t\t\t\t\t\t\t\t<span class=\"elementor-button-text\">    DONWLOAD  CV <\/span>\n\t\t\t\t\t<\/span>\n\t\t\t\t\t<\/a>\n\t\t\t\t<\/div>\n\t\t\t\t\t\t\t\t<\/div>\n\t\t\t\t<\/div>\n\t\t\t\t<div class=\"elementor-element elementor-element-8c52eac elementor-align-center elementor-widget elementor-widget-button\" data-id=\"8c52eac\" data-element_type=\"widget\" data-e-type=\"widget\" data-widget_type=\"button.default\">\n\t\t\t\t<div class=\"elementor-widget-container\">\n\t\t\t\t\t\t\t\t\t<div class=\"elementor-button-wrapper\">\n\t\t\t\t\t<a class=\"elementor-button elementor-button-link elementor-size-sm\" href=\"https:\/\/alejandraglez.com\/wp-content\/uploads\/2025\/05\/PRESS-DOSSIER.pdf_compressed.pdf\">\n\t\t\t\t\t\t<span class=\"elementor-button-content-wrapper\">\n\t\t\t\t\t\t\t\t\t<span class=\"elementor-button-text\">PRESS DOSSIER<\/span>\n\t\t\t\t\t<\/span>\n\t\t\t\t\t<\/a>\n\t\t\t\t<\/div>\n\t\t\t\t\t\t\t\t<\/div>\n\t\t\t\t<\/div>\n\t\t\t\t<\/div>\n\t\t\t\t<\/div>","protected":false},"excerpt":{"rendered":"<p>\u201cAlejandra Glez (Havana, 1996) draws inspiration from the constant flow of water, the very element that defines her and permeates her being. Her fluid artistic practice encompasses photography, installation, video art, and performance, with each medium serving as a new avenue for expressing the unspoken. The ever-present sea is more than just a backdrop; it&#8217;s [&hellip;]<\/p>\n","protected":false},"author":1,"featured_media":0,"parent":0,"menu_order":0,"comment_status":"closed","ping_status":"closed","template":"","meta":{"_acf_changed":false,"footnotes":""},"class_list":["post-6965","page","type-page","status-publish","hentry"],"aioseo_notices":[],"acf":[],"_links":{"self":[{"href":"https:\/\/alejandraglez.com\/es\/wp-json\/wp\/v2\/pages\/6965","targetHints":{"allow":["GET"]}}],"collection":[{"href":"https:\/\/alejandraglez.com\/es\/wp-json\/wp\/v2\/pages"}],"about":[{"href":"https:\/\/alejandraglez.com\/es\/wp-json\/wp\/v2\/types\/page"}],"author":[{"embeddable":true,"href":"https:\/\/alejandraglez.com\/es\/wp-json\/wp\/v2\/users\/1"}],"replies":[{"embeddable":true,"href":"https:\/\/alejandraglez.com\/es\/wp-json\/wp\/v2\/comments?post=6965"}],"version-history":[{"count":71,"href":"https:\/\/alejandraglez.com\/es\/wp-json\/wp\/v2\/pages\/6965\/revisions"}],"predecessor-version":[{"id":8883,"href":"https:\/\/alejandraglez.com\/es\/wp-json\/wp\/v2\/pages\/6965\/revisions\/8883"}],"wp:attachment":[{"href":"https:\/\/alejandraglez.com\/es\/wp-json\/wp\/v2\/media?parent=6965"}],"curies":[{"name":"wp","href":"https:\/\/api.w.org\/{rel}","templated":true}]}}